{"id":263355,"date":"2023-09-10T12:40:40","date_gmt":"2023-09-10T10:40:40","guid":{"rendered":"https:\/\/inti-yoga.de\/?post_type=product&#038;p=263355"},"modified":"2023-09-12T14:51:46","modified_gmt":"2023-09-12T12:51:46","slug":"soulsunday-video2","status":"publish","type":"product","link":"https:\/\/inti-yoga.de\/pt\/produto\/soulsunday-video2\/","title":{"rendered":"Grava\u00e7\u00e3o DOMINGO DA ALMA | chama interior e resili\u00eancia | elemento fogo"},"content":{"rendered":"<p>[et_pb_section fb_built=&#8220;1&#8243; _builder_version=&#8220;4.16&#8243; custom_padding=&#8220;0px||||false|false&#8220; global_colors_info=&#8220;{}&#8220;][et_pb_row _builder_version=&#8220;4.16&#8243; background_size=&#8220;initial&#8220; background_position=&#8220;top_left&#8220; background_repeat=&#8220;repeat&#8220; width=&#8220;100%&#8220; custom_padding=&#8220;0px||0px||false|false&#8220; global_colors_info=&#8220;{}&#8220;][et_pb_column type=&#8220;4_4&#8243; _builder_version=&#8220;4.16&#8243; custom_padding=&#8220;|||&#8220; global_colors_info=&#8220;{}&#8220; custom_padding__hover=&#8220;|||&#8220;][et_pb_wc_breadcrumb _builder_version=&#8220;4.16&#8243; global_colors_info=&#8220;{}&#8220;][\/et_pb_wc_breadcrumb][et_pb_wc_cart_notice _builder_version=&#8220;4.16&#8243; global_colors_info=&#8220;{}&#8220;][\/et_pb_wc_cart_notice][\/et_pb_column][\/et_pb_row][et_pb_row column_structure=&#8220;1_2,1_2&#8243; _builder_version=&#8220;4.16&#8243; background_size=&#8220;initial&#8220; background_position=&#8220;top_left&#8220; background_repeat=&#8220;repeat&#8220; width=&#8220;100%&#8220; custom_padding=&#8220;0px||||false|false&#8220; global_colors_info=&#8220;{}&#8220;][et_pb_column type=&#8220;1_2&#8243; _builder_version=&#8220;4.16&#8243; custom_padding=&#8220;|||&#8220; global_colors_info=&#8220;{}&#8220; custom_padding__hover=&#8220;|||&#8220;][et_pb_wc_images _builder_version=&#8220;4.16&#8243; global_colors_info=&#8220;{}&#8220;][\/et_pb_wc_images][\/et_pb_column][et_pb_column type=&#8220;1_2&#8243; _builder_version=&#8220;4.16&#8243; custom_padding=&#8220;|||&#8220; global_colors_info=&#8220;{}&#8220; custom_padding__hover=&#8220;|||&#8220;][et_pb_wc_title _builder_version=&#8220;4.16&#8243; global_colors_info=&#8220;{}&#8220;][\/et_pb_wc_title][et_pb_wc_rating _builder_version=&#8220;4.21.0&#8243; global_colors_info=&#8220;{}&#8220;][\/et_pb_wc_rating][et_pb_wc_price _builder_version=&#8220;4.16&#8243; global_colors_info=&#8220;{}&#8220;][\/et_pb_wc_price][et_pb_wc_description _builder_version=&#8220;4.16&#8243; global_colors_info=&#8220;{}&#8220;][\/et_pb_wc_description][et_pb_wc_add_to_cart _builder_version=&#8220;4.16&#8243; global_colors_info=&#8220;{}&#8220;][\/et_pb_wc_add_to_cart][et_pb_wc_meta _builder_version=&#8220;4.16&#8243; global_colors_info=&#8220;{}&#8220;][\/et_pb_wc_meta][\/et_pb_column][\/et_pb_row][et_pb_row _builder_version=&#8220;4.16&#8243; background_size=&#8220;initial&#8220; background_position=&#8220;top_left&#8220; background_repeat=&#8220;repeat&#8220; width=&#8220;100%&#8220; global_colors_info=&#8220;{}&#8220;][et_pb_column type=&#8220;4_4&#8243; _builder_version=&#8220;4.16&#8243; custom_padding=&#8220;|||&#8220; global_colors_info=&#8220;{}&#8220; custom_padding__hover=&#8220;|||&#8220;][et_pb_wc_tabs include_tabs=&#8220;description|&#8220; _builder_version=&#8220;4.21.0&#8243; global_colors_info=&#8220;{}&#8220;] [\/et_pb_wc_tabs][et_pb_wc_upsells _builder_version=&#8220;4.16&#8243; global_colors_info=&#8220;{}&#8220;][\/et_pb_wc_upsells][et_pb_wc_related_products _builder_version=&#8220;4.16&#8243; global_colors_info=&#8220;{}&#8220;][\/et_pb_wc_related_products][\/et_pb_column][\/et_pb_row][\/et_pb_section]<\/p>\n","protected":false},"excerpt":{"rendered":"<p>SOUL SUNDAY RECORD ~ aula online com yoga, movimento som\u00e1tico e relaxamento profundo. <span class=\"JsGRdQ\" style=\"color: #a46462;\">90 minutos para uma liga\u00e7\u00e3o profunda a si pr\u00f3prio a n\u00edvel da alma <span style=\"color: #a46462;\">\u2665<\/span><\/span><\/p>","protected":false},"featured_media":263316,"comment_status":"open","ping_status":"closed","template":"","meta":{"_et_pb_use_builder":"on","_et_pb_old_content":"SOUL SUNDAY ~ online Klasse mit ganzheitlichem Yoga, somatischer Bewegung und Tiefenentspannung ~ AUFZEICHNUNG MIT LEBENSLANGEM ZUGANG\r\n<h4><span class=\"JsGRdQ\" style=\"color: #a46462\">90 Minuten f\u00fcr eine profunde Verbindung zu dir selbst auf Seelenebene <span style=\"color: #a46462\">\u2665<\/span><\/span><\/h4>\r\nDiese Klasse m\u00f6chte dich auf allen Ebenen darin unterst\u00fctzen, dich selbst in deiner Essenz wahrzunehmen.\r\n\r\nWir nutzen daf\u00fcr unseren physischen K\u00f6rper, den Atem, arbeiten mit unseren Emotionen und die dadurch entstandene der Energie im K\u00f6rper, au\u00dferdem nutzen wir die wohl anstregnungsloseste Weise, um an diesen unantastbaren inneren friedlichen Ort zu gelangen: Yoga Nidra, Tiefenentspannung.\r\n\r\nDer SOUL SUNDAY beruht auf meinen pers\u00f6nlichen Erfahrungen mit Anspannungen im K\u00f6rper, einem rastlosen Geist oder starken Emotionen in der Gegenwart oder der Vergangenheit, die nicht vollst\u00e4ndig gef\u00fchlt oder gelebt wurden.\r\n\r\nDaraus ist eine Symbiose aus verschiedenen Praktiken entstanden, die <strong>befreiend<\/strong>, <strong>beruhigend<\/strong>, <strong>aktivierend<\/strong> und <strong>herzerw\u00e4rmend<\/strong> zu gleich wirken.\r\n<h2><span style=\"color: #993366\"><strong>Das erwartet dich in DIESER SEQENZ konkret:<\/strong><\/span><\/h2>\r\n<span style=\"color: #993366\">Dieser Soul Sunday l\u00e4dt dazu ein, dein <strong>inneres Feuer<\/strong> zu sp\u00fcren. Sie ist daher eher <strong>AKTIV &amp; BELEBEND\u00a0<\/strong>im Hauptteil.<\/span>\r\n\r\n<span style=\"color: #993366\">Es werden \u00dcbungen dabei sein, die dich vielleicht \u00fcberraschen und du wirst erinnert zu schauen, was dein Verstand dazu sagt und wie du diesen \u00fcberkommen kannst &gt; ein tolle <strong>Gelegenheit um Resilienz zu \u00fcben.<\/strong><\/span>\r\n\r\n<span style=\"color: #993366\">Diese Sequenz kann sich wie ein<strong> inneres Verbrennen von Altem <\/strong>anf\u00fchlen, bei der du gegen Ende im Yin Yiga in die <strong>Sanftheit<\/strong> \u00fcbergehst, ins <strong>Akzepieren &amp; Annehmen<\/strong> und zum Abschlu\u00df auf einer 30-min\u00fctigen Yoga Nidra Reise im wahrsten Sinne des Wortes <strong>das Universum einatmest und dich in Mutter Erde hineinsinken<\/strong> l\u00e4sst &gt; Eine Praxis f\u00fcr mehr Urververtrauen und profunde Tiefenentspannung.<\/span>\r\n\r\nZusammengefasst:\r\n<ul>\r\n \t<li>YOGA ASANA &gt; Mobilit\u00e4t im K\u00f6rper &amp; dich selbst sp\u00fcren<\/li>\r\n \t<li>SOMATISCHE BEWEGUNG &gt; Emotionen &amp; gestaute Energiefreisetzten<\/li>\r\n \t<li>YIN YOGA &amp; YOGA NIDRA INFUSED &gt; schmelzen &amp; komplett entspannen<\/li>\r\n<\/ul>\r\n<strong>Diese Klasse ist f\u00fcr alle Level geeignet<\/strong>: absolute Beginner im Yoga, regelm\u00e4\u00dfig Praktizierende und Yogalehrende.\r\n<h1><\/h1>\r\n<h1>Hole dir jetzt diese Aufzeichnung vom SOUL SUNDAY und sei\u00b4 auf dieser besonderen Reise dabei \ud83d\ude4f\ud83c\udffb<\/h1>\r\n<span style=\"color: #993366\">&gt;&gt;&gt;&gt;&gt; Den Link zum Recording erh\u00e4ltst du automatisch per E-Mail in deiner Buchungsbest\u00e4tigung.<\/span>\r\n\r\nDanke f\u00fcr dein Vertrauen, danke f\u00fcr dein pers\u00f6nliches Wachstum, danke f\u00fcr dein wundersch\u00f6nes Herz und deinen Mut, dich mit deinem K\u00f6rper &amp; deiner inneren Welt und deinem energetischen K\u00f6rper zu verbinden. Danke f\u00fcr dein Leuchten.\r\n\r\nVon meinem Herz zu deinem.\r\n\r\nMit Liebe,\r\n\r\ndeine Jessy\r\n\r\nHast du Fragen? <a href=\"https:\/\/inti-yoga.de\/kontakt\">Nimm\u00b4 hier gerne Kontakt zu uns auf<\/a>","_et_gb_content_width":""},"product_brand":[],"product_cat":[129],"product_tag":[],"class_list":{"0":"post-263355","1":"product","2":"type-product","3":"status-publish","4":"has-post-thumbnail","6":"product_cat-live-online-workshop","8":"first","9":"instock","10":"virtual","11":"taxable","12":"purchasable","13":"product-type-simple"},"yoast_head":"<!-- This site is optimized with the Yoast SEO Premium plugin v19.0 (Yoast SEO v27.3) - https:\/\/yoast.com\/product\/yoast-seo-premium-wordpress\/ -->\n<title>Recording SOUL SUNDAY | innere Flamme &amp; Resilienz | Element Feuer - inti-yoga.de<\/title>\n<meta name=\"description\" content=\"SOUL SUNDAY ~ online Klasse mit Yoga, somatischer Bewegung und Tiefenentspannung.\u00a090 Minuten f\u00fcr eine tiefe Verbindung zu dir Selbst auf Seelenebene \u2665\" \/>\n<meta name=\"robots\" content=\"index, follow, max-snippet:-1, max-image-preview:large, max-video-preview:-1\" \/>\n<link rel=\"canonical\" href=\"https:\/\/inti-yoga.de\/pt\/produto\/soulsunday-video2\/\" \/>\n<meta property=\"og:locale\" content=\"pt_PT\" \/>\n<meta property=\"og:type\" content=\"article\" \/>\n<meta property=\"og:title\" content=\"Recording SOUL SUNDAY | innere Flamme &amp; Resilienz | Element Feuer\" \/>\n<meta property=\"og:description\" content=\"SOUL SUNDAY ~ online Klasse mit Yoga, somatischer Bewegung und Tiefenentspannung.\u00a090 Minuten f\u00fcr eine tiefe Verbindung zu dir Selbst auf Seelenebene \u2665\" \/>\n<meta property=\"og:url\" content=\"https:\/\/inti-yoga.de\/pt\/produto\/soulsunday-video2\/\" \/>\n<meta property=\"og:site_name\" content=\"inti-yoga.de\" \/>\n<meta property=\"article:publisher\" content=\"https:\/\/www.facebook.com\/jessyintiyoga\" \/>\n<meta property=\"article:modified_time\" content=\"2023-09-12T12:51:46+00:00\" \/>\n<meta property=\"og:image\" content=\"https:\/\/inti-yoga.de\/wp-content\/uploads\/2023\/08\/Newsletter-Angebote-5.png\" \/>\n\t<meta property=\"og:image:width\" content=\"940\" \/>\n\t<meta property=\"og:image:height\" content=\"788\" \/>\n\t<meta property=\"og:image:type\" content=\"image\/png\" \/>\n<meta name=\"twitter:card\" content=\"summary_large_image\" \/>\n<meta name=\"twitter:label1\" content=\"Tempo estimado de leitura\" \/>\n\t<meta name=\"twitter:data1\" content=\"1 minuto\" \/>\n<script type=\"application\/ld+json\" class=\"yoast-schema-graph\">{\"@context\":\"https:\\\/\\\/schema.org\",\"@graph\":[{\"@type\":\"WebPage\",\"@id\":\"https:\\\/\\\/inti-yoga.de\\\/produkt\\\/soulsunday-video2\\\/\",\"url\":\"https:\\\/\\\/inti-yoga.de\\\/produkt\\\/soulsunday-video2\\\/\",\"name\":\"Recording SOUL SUNDAY | innere Flamme & Resilienz | Element Feuer - inti-yoga.de\",\"isPartOf\":{\"@id\":\"https:\\\/\\\/inti-yoga.de\\\/#website\"},\"primaryImageOfPage\":{\"@id\":\"https:\\\/\\\/inti-yoga.de\\\/produkt\\\/soulsunday-video2\\\/#primaryimage\"},\"image\":{\"@id\":\"https:\\\/\\\/inti-yoga.de\\\/produkt\\\/soulsunday-video2\\\/#primaryimage\"},\"thumbnailUrl\":\"https:\\\/\\\/inti-yoga.de\\\/wp-content\\\/uploads\\\/2023\\\/08\\\/Newsletter-Angebote-5.png\",\"datePublished\":\"2023-09-10T10:40:40+00:00\",\"dateModified\":\"2023-09-12T12:51:46+00:00\",\"description\":\"SOUL SUNDAY ~ online Klasse mit Yoga, somatischer Bewegung und Tiefenentspannung.\u00a090 Minuten f\u00fcr eine tiefe Verbindung zu dir Selbst auf Seelenebene \u2665\",\"breadcrumb\":{\"@id\":\"https:\\\/\\\/inti-yoga.de\\\/produkt\\\/soulsunday-video2\\\/#breadcrumb\"},\"inLanguage\":\"pt-PT\",\"potentialAction\":[{\"@type\":\"ReadAction\",\"target\":[\"https:\\\/\\\/inti-yoga.de\\\/produkt\\\/soulsunday-video2\\\/\"]}]},{\"@type\":\"ImageObject\",\"inLanguage\":\"pt-PT\",\"@id\":\"https:\\\/\\\/inti-yoga.de\\\/produkt\\\/soulsunday-video2\\\/#primaryimage\",\"url\":\"https:\\\/\\\/inti-yoga.de\\\/wp-content\\\/uploads\\\/2023\\\/08\\\/Newsletter-Angebote-5.png\",\"contentUrl\":\"https:\\\/\\\/inti-yoga.de\\\/wp-content\\\/uploads\\\/2023\\\/08\\\/Newsletter-Angebote-5.png\",\"width\":940,\"height\":788},{\"@type\":\"BreadcrumbList\",\"@id\":\"https:\\\/\\\/inti-yoga.de\\\/produkt\\\/soulsunday-video2\\\/#breadcrumb\",\"itemListElement\":[{\"@type\":\"ListItem\",\"position\":1,\"name\":\"Startseite\",\"item\":\"https:\\\/\\\/inti-yoga.de\\\/\"},{\"@type\":\"ListItem\",\"position\":2,\"name\":\"Shop\",\"item\":\"https:\\\/\\\/inti-yoga.de\\\/shop\\\/\"},{\"@type\":\"ListItem\",\"position\":3,\"name\":\"Recording SOUL SUNDAY | innere Flamme &#038; Resilienz | Element Feuer\"}]},{\"@type\":\"WebSite\",\"@id\":\"https:\\\/\\\/inti-yoga.de\\\/#website\",\"url\":\"https:\\\/\\\/inti-yoga.de\\\/\",\"name\":\"inti-yoga.de\",\"description\":\"Yoga und Pers\u00f6nlichkeitsentfaltung\",\"publisher\":{\"@id\":\"https:\\\/\\\/inti-yoga.de\\\/#organization\"},\"potentialAction\":[{\"@type\":\"SearchAction\",\"target\":{\"@type\":\"EntryPoint\",\"urlTemplate\":\"https:\\\/\\\/inti-yoga.de\\\/?s={search_term_string}\"},\"query-input\":{\"@type\":\"PropertyValueSpecification\",\"valueRequired\":true,\"valueName\":\"search_term_string\"}}],\"inLanguage\":\"pt-PT\"},{\"@type\":\"Organization\",\"@id\":\"https:\\\/\\\/inti-yoga.de\\\/#organization\",\"name\":\"INTI Yoga\",\"url\":\"https:\\\/\\\/inti-yoga.de\\\/\",\"logo\":{\"@type\":\"ImageObject\",\"inLanguage\":\"pt-PT\",\"@id\":\"https:\\\/\\\/inti-yoga.de\\\/#\\\/schema\\\/logo\\\/image\\\/\",\"url\":\"https:\\\/\\\/inti-yoga.de\\\/wp-content\\\/uploads\\\/2021\\\/10\\\/cropped-Logo_Inti_vergoldet_transparent_Schrift.png\",\"contentUrl\":\"https:\\\/\\\/inti-yoga.de\\\/wp-content\\\/uploads\\\/2021\\\/10\\\/cropped-Logo_Inti_vergoldet_transparent_Schrift.png\",\"width\":512,\"height\":512,\"caption\":\"INTI Yoga\"},\"image\":{\"@id\":\"https:\\\/\\\/inti-yoga.de\\\/#\\\/schema\\\/logo\\\/image\\\/\"},\"sameAs\":[\"https:\\\/\\\/www.facebook.com\\\/jessyintiyoga\",\"https:\\\/\\\/www.instagram.com\\\/jessy_inti_yoga\\\/\"]}]}<\/script>\n<!-- \/ Yoast SEO Premium plugin. -->","yoast_head_json":{"title":"Recording SOUL SUNDAY | innere Flamme & Resilienz | Element Feuer - inti-yoga.de","description":"SOUL SUNDAY ~ online Klasse mit Yoga, somatischer Bewegung und Tiefenentspannung.\u00a090 Minuten f\u00fcr eine tiefe Verbindung zu dir Selbst auf Seelenebene \u2665","robots":{"index":"index","follow":"follow","max-snippet":"max-snippet:-1","max-image-preview":"max-image-preview:large","max-video-preview":"max-video-preview:-1"},"canonical":"https:\/\/inti-yoga.de\/pt\/produto\/soulsunday-video2\/","og_locale":"pt_PT","og_type":"article","og_title":"Recording SOUL SUNDAY | innere Flamme & Resilienz | Element Feuer","og_description":"SOUL SUNDAY ~ online Klasse mit Yoga, somatischer Bewegung und Tiefenentspannung.\u00a090 Minuten f\u00fcr eine tiefe Verbindung zu dir Selbst auf Seelenebene \u2665","og_url":"https:\/\/inti-yoga.de\/pt\/produto\/soulsunday-video2\/","og_site_name":"inti-yoga.de","article_publisher":"https:\/\/www.facebook.com\/jessyintiyoga","article_modified_time":"2023-09-12T12:51:46+00:00","og_image":[{"width":940,"height":788,"url":"https:\/\/inti-yoga.de\/wp-content\/uploads\/2023\/08\/Newsletter-Angebote-5.png","type":"image\/png"}],"twitter_card":"summary_large_image","twitter_misc":{"Tempo estimado de leitura":"1 minuto"},"schema":{"@context":"https:\/\/schema.org","@graph":[{"@type":"WebPage","@id":"https:\/\/inti-yoga.de\/produkt\/soulsunday-video2\/","url":"https:\/\/inti-yoga.de\/produkt\/soulsunday-video2\/","name":"Recording SOUL SUNDAY | innere Flamme & Resilienz | Element Feuer - inti-yoga.de","isPartOf":{"@id":"https:\/\/inti-yoga.de\/#website"},"primaryImageOfPage":{"@id":"https:\/\/inti-yoga.de\/produkt\/soulsunday-video2\/#primaryimage"},"image":{"@id":"https:\/\/inti-yoga.de\/produkt\/soulsunday-video2\/#primaryimage"},"thumbnailUrl":"https:\/\/inti-yoga.de\/wp-content\/uploads\/2023\/08\/Newsletter-Angebote-5.png","datePublished":"2023-09-10T10:40:40+00:00","dateModified":"2023-09-12T12:51:46+00:00","description":"SOUL SUNDAY ~ online Klasse mit Yoga, somatischer Bewegung und Tiefenentspannung.\u00a090 Minuten f\u00fcr eine tiefe Verbindung zu dir Selbst auf Seelenebene \u2665","breadcrumb":{"@id":"https:\/\/inti-yoga.de\/produkt\/soulsunday-video2\/#breadcrumb"},"inLanguage":"pt-PT","potentialAction":[{"@type":"ReadAction","target":["https:\/\/inti-yoga.de\/produkt\/soulsunday-video2\/"]}]},{"@type":"ImageObject","inLanguage":"pt-PT","@id":"https:\/\/inti-yoga.de\/produkt\/soulsunday-video2\/#primaryimage","url":"https:\/\/inti-yoga.de\/wp-content\/uploads\/2023\/08\/Newsletter-Angebote-5.png","contentUrl":"https:\/\/inti-yoga.de\/wp-content\/uploads\/2023\/08\/Newsletter-Angebote-5.png","width":940,"height":788},{"@type":"BreadcrumbList","@id":"https:\/\/inti-yoga.de\/produkt\/soulsunday-video2\/#breadcrumb","itemListElement":[{"@type":"ListItem","position":1,"name":"Startseite","item":"https:\/\/inti-yoga.de\/"},{"@type":"ListItem","position":2,"name":"Shop","item":"https:\/\/inti-yoga.de\/shop\/"},{"@type":"ListItem","position":3,"name":"Recording SOUL SUNDAY | innere Flamme &#038; Resilienz | Element Feuer"}]},{"@type":"WebSite","@id":"https:\/\/inti-yoga.de\/#website","url":"https:\/\/inti-yoga.de\/","name":"inti-yoga.com","description":"Yoga e desenvolvimento da personalidade","publisher":{"@id":"https:\/\/inti-yoga.de\/#organization"},"potentialAction":[{"@type":"SearchAction","target":{"@type":"EntryPoint","urlTemplate":"https:\/\/inti-yoga.de\/?s={search_term_string}"},"query-input":{"@type":"PropertyValueSpecification","valueRequired":true,"valueName":"search_term_string"}}],"inLanguage":"pt-PT"},{"@type":"Organization","@id":"https:\/\/inti-yoga.de\/#organization","name":"INTI Yoga","url":"https:\/\/inti-yoga.de\/","logo":{"@type":"ImageObject","inLanguage":"pt-PT","@id":"https:\/\/inti-yoga.de\/#\/schema\/logo\/image\/","url":"https:\/\/inti-yoga.de\/wp-content\/uploads\/2021\/10\/cropped-Logo_Inti_vergoldet_transparent_Schrift.png","contentUrl":"https:\/\/inti-yoga.de\/wp-content\/uploads\/2021\/10\/cropped-Logo_Inti_vergoldet_transparent_Schrift.png","width":512,"height":512,"caption":"INTI Yoga"},"image":{"@id":"https:\/\/inti-yoga.de\/#\/schema\/logo\/image\/"},"sameAs":["https:\/\/www.facebook.com\/jessyintiyoga","https:\/\/www.instagram.com\/jessy_inti_yoga\/"]}]}},"jetpack_sharing_enabled":true,"_links":{"self":[{"href":"https:\/\/inti-yoga.de\/pt\/wp-json\/wp\/v2\/product\/263355","targetHints":{"allow":["GET"]}}],"collection":[{"href":"https:\/\/inti-yoga.de\/pt\/wp-json\/wp\/v2\/product"}],"about":[{"href":"https:\/\/inti-yoga.de\/pt\/wp-json\/wp\/v2\/types\/product"}],"replies":[{"embeddable":true,"href":"https:\/\/inti-yoga.de\/pt\/wp-json\/wp\/v2\/comments?post=263355"}],"wp:featuredmedia":[{"embeddable":true,"href":"https:\/\/inti-yoga.de\/pt\/wp-json\/wp\/v2\/media\/263316"}],"wp:attachment":[{"href":"https:\/\/inti-yoga.de\/pt\/wp-json\/wp\/v2\/media?parent=263355"}],"wp:term":[{"taxonomy":"product_brand","embeddable":true,"href":"https:\/\/inti-yoga.de\/pt\/wp-json\/wp\/v2\/product_brand?post=263355"},{"taxonomy":"product_cat","embeddable":true,"href":"https:\/\/inti-yoga.de\/pt\/wp-json\/wp\/v2\/product_cat?post=263355"},{"taxonomy":"product_tag","embeddable":true,"href":"https:\/\/inti-yoga.de\/pt\/wp-json\/wp\/v2\/product_tag?post=263355"}],"curies":[{"name":"wp","href":"https:\/\/api.w.org\/{rel}","templated":true}]}}