{"id":259456,"date":"2021-10-25T16:57:22","date_gmt":"2021-10-25T14:57:22","guid":{"rendered":"https:\/\/inti-yoga.de\/?page_id=259456"},"modified":"2022-04-26T20:46:17","modified_gmt":"2022-04-26T18:46:17","slug":"newsletter-bestaetigung","status":"publish","type":"page","link":"https:\/\/inti-yoga.de\/pt\/newsletter-bestaetigung\/","title":{"rendered":"Confirma\u00e7\u00e3o da newsletter"},"content":{"rendered":"<p>[et_pb_section fb_built=&#8220;1&#8243; _builder_version=&#8220;4.16&#8243; _module_preset=&#8220;default&#8220; custom_padding=&#8220;||4px|||&#8220; global_colors_info=&#8220;{}&#8220;][\/et_pb_section][et_pb_section fb_built=&#8220;1&#8243; _builder_version=&#8220;4.16&#8243; _module_preset=&#8220;default&#8220; background_enable_color=&#8220;off&#8220; use_background_color_gradient=&#8220;on&#8220; background_color_gradient_direction=&#8220;76deg&#8220; background_color_gradient_stops=&#8220;#ffffff 47%|rgba(0,0,0,0) 76%&#8220; background_color_gradient_overlays_image=&#8220;on&#8220; background_color_gradient_start=&#8220;#ffffff&#8220; background_color_gradient_start_position=&#8220;47%&#8220; background_color_gradient_end=&#8220;rgba(0,0,0,0)&#8220; background_color_gradient_end_position=&#8220;76%&#8220; background_image=&#8220;https:\/\/inti-yoga.de\/wp-content\/uploads\/2021\/10\/niklas-hamann-Cxjh4S2Pmt8-unsplash-scaled.jpg&#8220; background_size=&#8220;contain&#8220; background_position=&#8220;center_right&#8220; custom_margin=&#8220;3px|||||&#8220; custom_padding=&#8220;157px||115px|||&#8220; global_colors_info=&#8220;{}&#8220;][et_pb_row _builder_version=&#8220;4.16&#8243; _module_preset=&#8220;default&#8220; global_colors_info=&#8220;{}&#8220;][et_pb_column type=&#8220;4_4&#8243; _builder_version=&#8220;4.16&#8243; _module_preset=&#8220;default&#8220; global_colors_info=&#8220;{}&#8220;][dnxte_text_color_motion text_color_motion=&#8220;Fast geschafft &#8230;&#8220; heading_tag=&#8220;h1&#8243; color_motion_color_one=&#8220;#C79B1D&#8220; color_motion_color_two=&#8220;#F3D058&#8243; color_motion_color_three=&#8220;#615D2A&#8220; color_motion_color_four=&#8220;#C79B1D&#8220; _builder_version=&#8220;4.16&#8243; _module_preset=&#8220;default&#8220; dnxt_color_motion_fonts_font_size=&#8220;70px&#8220; custom_margin=&#8220;-46px||2px|||&#8220; global_colors_info=&#8220;{}&#8220;][\/dnxte_text_color_motion][\/et_pb_column][\/et_pb_row][et_pb_row column_structure=&#8220;3_4,1_4&#8243; _builder_version=&#8220;4.16&#8243; _module_preset=&#8220;default&#8220; global_colors_info=&#8220;{}&#8220;][et_pb_column type=&#8220;3_4&#8243; _builder_version=&#8220;4.16&#8243; _module_preset=&#8220;default&#8220; global_colors_info=&#8220;{}&#8220;][et_pb_text _builder_version=&#8220;4.16&#8243; _module_preset=&#8220;default&#8220; link_text_color=&#8220;#A46462&#8243; global_colors_info=&#8220;{}&#8220;]<\/p>\n<h2>Wunderbar<\/h2>\n<h2>Sch\u00f6n, dass du mit yoga in dein Leuchten tauchen m\u00f6chtest<\/h2>\n<p>Wir haben dir eine Email geschickt &#8211; bitte best\u00e4tige diese und dann kann es sofort losgehen (werfe ggfs. auch einen Blick in deinen Spam-Ordner).<\/p>\n<p>PS. Manchmal kann es einige Minuten dauern bis die Email ankommt &#8211; wenn es l\u00e4nger dauert oder falls du keine Email erhalten hast kontaktiere uns gerne:\u00a0<\/p>\n<p><a href=\"mailto:office@inti-yoga.de\" target=\"_blank\" rel=\"noopener\">jessy@inti-yoga.de<\/a><\/p>\n<p>[\/et_pb_text][\/et_pb_column][et_pb_column type=&#8220;1_4&#8243; _builder_version=&#8220;4.16&#8243; _module_preset=&#8220;default&#8220; global_colors_info=&#8220;{}&#8220;][\/et_pb_column][\/et_pb_row][\/et_pb_section]<\/p>\n","protected":false},"excerpt":{"rendered":"<p><div class=\"et_pb_module dnxte_text_color_motion dnxte_text_color_motion_0\">\n\t\t\t\t\n\t\t\t\t\n\t\t\t\t\n\t\t\t\t\n\t\t\t\t\n\t\t\t\t\n\t\t\t\t<div class=\"et_pb_module_inner\">\n\t\t\t\t\t<div>\r\n\t\t\t\t<h1 class=\"dnxt-grdnt-text-animation dnxt-grdnt-text-animation_font\">\r\n\t\t\t\t\tFast geschafft ...\r\n\t\t\t\t<\/h1>\r\n\t\t\t<\/div>\n\t\t\t\t<\/div>\n\t\t\t<\/div>Wunderbar Sch\u00f6n, dass du mit yoga in dein Leuchten tauchen m\u00f6chtest Wir haben dir eine Email geschickt &#8211; bitte best\u00e4tige diese und dann kann es sofort losgehen (werfe ggfs. auch einen Blick in deinen Spam-Ordner). PS. Manchmal kann es einige Minuten dauern [&hellip;]<\/p>\n","protected":false},"author":1,"featured_media":0,"parent":0,"menu_order":0,"comment_status":"closed","ping_status":"closed","template":"page-template-blank.php","meta":{"_et_pb_use_builder":"on","_et_pb_old_content":"","_et_gb_content_width":"","footnotes":""},"class_list":["post-259456","page","type-page","status-publish","hentry"],"yoast_head":"<!-- This site is optimized with the Yoast SEO Premium plugin v19.0 (Yoast SEO v27.4) - https:\/\/yoast.com\/product\/yoast-seo-premium-wordpress\/ -->\n<title>Newsletter Best\u00e4tigung - inti-yoga.de<\/title>\n<meta name=\"robots\" content=\"index, follow, max-snippet:-1, max-image-preview:large, max-video-preview:-1\" \/>\n<link rel=\"canonical\" href=\"https:\/\/inti-yoga.de\/pt\/newsletter-bestaetigung\/\" \/>\n<meta property=\"og:locale\" content=\"pt_PT\" \/>\n<meta property=\"og:type\" content=\"article\" \/>\n<meta property=\"og:title\" content=\"Newsletter Best\u00e4tigung\" \/>\n<meta property=\"og:description\" content=\"Wunderbar Sch\u00f6n, dass du mit yoga in dein Leuchten tauchen m\u00f6chtest Wir haben dir eine Email geschickt - bitte best\u00e4tige diese und dann kann es sofort losgehen (werfe ggfs. auch einen Blick in deinen Spam-Ordner). PS. Manchmal kann es einige Minuten dauern [&hellip;]\" \/>\n<meta property=\"og:url\" content=\"https:\/\/inti-yoga.de\/pt\/newsletter-bestaetigung\/\" \/>\n<meta property=\"og:site_name\" content=\"inti-yoga.de\" \/>\n<meta property=\"article:publisher\" content=\"https:\/\/www.facebook.com\/jessyintiyoga\" \/>\n<meta property=\"article:modified_time\" content=\"2022-04-26T18:46:17+00:00\" \/>\n<meta property=\"og:image\" content=\"https:\/\/inti-yoga.de\/wp-content\/uploads\/2021\/10\/DSC_3777_websize-2.jpg\" \/>\n\t<meta property=\"og:image:width\" content=\"1075\" \/>\n\t<meta property=\"og:image:height\" content=\"724\" \/>\n\t<meta property=\"og:image:type\" content=\"image\/jpeg\" \/>\n<meta name=\"twitter:card\" content=\"summary_large_image\" \/>\n<meta name=\"twitter:label1\" content=\"Tempo estimado de leitura\" \/>\n\t<meta name=\"twitter:data1\" content=\"2 minutos\" \/>\n<script type=\"application\/ld+json\" class=\"yoast-schema-graph\">{\"@context\":\"https:\\\/\\\/schema.org\",\"@graph\":[{\"@type\":\"WebPage\",\"@id\":\"https:\\\/\\\/inti-yoga.de\\\/newsletter-bestaetigung\\\/\",\"url\":\"https:\\\/\\\/inti-yoga.de\\\/newsletter-bestaetigung\\\/\",\"name\":\"Newsletter Best\u00e4tigung - inti-yoga.de\",\"isPartOf\":{\"@id\":\"https:\\\/\\\/inti-yoga.de\\\/#website\"},\"datePublished\":\"2021-10-25T14:57:22+00:00\",\"dateModified\":\"2022-04-26T18:46:17+00:00\",\"breadcrumb\":{\"@id\":\"https:\\\/\\\/inti-yoga.de\\\/newsletter-bestaetigung\\\/#breadcrumb\"},\"inLanguage\":\"pt-PT\",\"potentialAction\":[{\"@type\":\"ReadAction\",\"target\":[\"https:\\\/\\\/inti-yoga.de\\\/newsletter-bestaetigung\\\/\"]}]},{\"@type\":\"BreadcrumbList\",\"@id\":\"https:\\\/\\\/inti-yoga.de\\\/newsletter-bestaetigung\\\/#breadcrumb\",\"itemListElement\":[{\"@type\":\"ListItem\",\"position\":1,\"name\":\"Startseite\",\"item\":\"https:\\\/\\\/inti-yoga.de\\\/\"},{\"@type\":\"ListItem\",\"position\":2,\"name\":\"Newsletter Best\u00e4tigung\"}]},{\"@type\":\"WebSite\",\"@id\":\"https:\\\/\\\/inti-yoga.de\\\/#website\",\"url\":\"https:\\\/\\\/inti-yoga.de\\\/\",\"name\":\"inti-yoga.de\",\"description\":\"Yoga und Pers\u00f6nlichkeitsentfaltung\",\"publisher\":{\"@id\":\"https:\\\/\\\/inti-yoga.de\\\/#organization\"},\"potentialAction\":[{\"@type\":\"SearchAction\",\"target\":{\"@type\":\"EntryPoint\",\"urlTemplate\":\"https:\\\/\\\/inti-yoga.de\\\/?s={search_term_string}\"},\"query-input\":{\"@type\":\"PropertyValueSpecification\",\"valueRequired\":true,\"valueName\":\"search_term_string\"}}],\"inLanguage\":\"pt-PT\"},{\"@type\":\"Organization\",\"@id\":\"https:\\\/\\\/inti-yoga.de\\\/#organization\",\"name\":\"INTI Yoga\",\"url\":\"https:\\\/\\\/inti-yoga.de\\\/\",\"logo\":{\"@type\":\"ImageObject\",\"inLanguage\":\"pt-PT\",\"@id\":\"https:\\\/\\\/inti-yoga.de\\\/#\\\/schema\\\/logo\\\/image\\\/\",\"url\":\"https:\\\/\\\/inti-yoga.de\\\/wp-content\\\/uploads\\\/2021\\\/10\\\/cropped-Logo_Inti_vergoldet_transparent_Schrift.png\",\"contentUrl\":\"https:\\\/\\\/inti-yoga.de\\\/wp-content\\\/uploads\\\/2021\\\/10\\\/cropped-Logo_Inti_vergoldet_transparent_Schrift.png\",\"width\":512,\"height\":512,\"caption\":\"INTI Yoga\"},\"image\":{\"@id\":\"https:\\\/\\\/inti-yoga.de\\\/#\\\/schema\\\/logo\\\/image\\\/\"},\"sameAs\":[\"https:\\\/\\\/www.facebook.com\\\/jessyintiyoga\",\"https:\\\/\\\/www.instagram.com\\\/jessy_inti_yoga\\\/\"]}]}<\/script>\n<!-- \/ Yoast SEO Premium plugin. -->","yoast_head_json":{"title":"Newsletter Best\u00e4tigung - inti-yoga.de","robots":{"index":"index","follow":"follow","max-snippet":"max-snippet:-1","max-image-preview":"max-image-preview:large","max-video-preview":"max-video-preview:-1"},"canonical":"https:\/\/inti-yoga.de\/pt\/newsletter-bestaetigung\/","og_locale":"pt_PT","og_type":"article","og_title":"Newsletter Best\u00e4tigung","og_description":"Wunderbar Sch\u00f6n, dass du mit yoga in dein Leuchten tauchen m\u00f6chtest Wir haben dir eine Email geschickt - bitte best\u00e4tige diese und dann kann es sofort losgehen (werfe ggfs. auch einen Blick in deinen Spam-Ordner). PS. Manchmal kann es einige Minuten dauern [&hellip;]","og_url":"https:\/\/inti-yoga.de\/pt\/newsletter-bestaetigung\/","og_site_name":"inti-yoga.de","article_publisher":"https:\/\/www.facebook.com\/jessyintiyoga","article_modified_time":"2022-04-26T18:46:17+00:00","og_image":[{"width":1075,"height":724,"url":"https:\/\/inti-yoga.de\/wp-content\/uploads\/2021\/10\/DSC_3777_websize-2.jpg","type":"image\/jpeg"}],"twitter_card":"summary_large_image","twitter_misc":{"Tempo estimado de leitura":"2 minutos"},"schema":{"@context":"https:\/\/schema.org","@graph":[{"@type":"WebPage","@id":"https:\/\/inti-yoga.de\/newsletter-bestaetigung\/","url":"https:\/\/inti-yoga.de\/newsletter-bestaetigung\/","name":"Newsletter Best\u00e4tigung - inti-yoga.de","isPartOf":{"@id":"https:\/\/inti-yoga.de\/#website"},"datePublished":"2021-10-25T14:57:22+00:00","dateModified":"2022-04-26T18:46:17+00:00","breadcrumb":{"@id":"https:\/\/inti-yoga.de\/newsletter-bestaetigung\/#breadcrumb"},"inLanguage":"pt-PT","potentialAction":[{"@type":"ReadAction","target":["https:\/\/inti-yoga.de\/newsletter-bestaetigung\/"]}]},{"@type":"BreadcrumbList","@id":"https:\/\/inti-yoga.de\/newsletter-bestaetigung\/#breadcrumb","itemListElement":[{"@type":"ListItem","position":1,"name":"Startseite","item":"https:\/\/inti-yoga.de\/"},{"@type":"ListItem","position":2,"name":"Newsletter Best\u00e4tigung"}]},{"@type":"WebSite","@id":"https:\/\/inti-yoga.de\/#website","url":"https:\/\/inti-yoga.de\/","name":"inti-yoga.com","description":"Yoga e desenvolvimento da personalidade","publisher":{"@id":"https:\/\/inti-yoga.de\/#organization"},"potentialAction":[{"@type":"SearchAction","target":{"@type":"EntryPoint","urlTemplate":"https:\/\/inti-yoga.de\/?s={search_term_string}"},"query-input":{"@type":"PropertyValueSpecification","valueRequired":true,"valueName":"search_term_string"}}],"inLanguage":"pt-PT"},{"@type":"Organization","@id":"https:\/\/inti-yoga.de\/#organization","name":"INTI Yoga","url":"https:\/\/inti-yoga.de\/","logo":{"@type":"ImageObject","inLanguage":"pt-PT","@id":"https:\/\/inti-yoga.de\/#\/schema\/logo\/image\/","url":"https:\/\/inti-yoga.de\/wp-content\/uploads\/2021\/10\/cropped-Logo_Inti_vergoldet_transparent_Schrift.png","contentUrl":"https:\/\/inti-yoga.de\/wp-content\/uploads\/2021\/10\/cropped-Logo_Inti_vergoldet_transparent_Schrift.png","width":512,"height":512,"caption":"INTI Yoga"},"image":{"@id":"https:\/\/inti-yoga.de\/#\/schema\/logo\/image\/"},"sameAs":["https:\/\/www.facebook.com\/jessyintiyoga","https:\/\/www.instagram.com\/jessy_inti_yoga\/"]}]}},"jetpack_sharing_enabled":true,"_links":{"self":[{"href":"https:\/\/inti-yoga.de\/pt\/wp-json\/wp\/v2\/pages\/259456","targetHints":{"allow":["GET"]}}],"collection":[{"href":"https:\/\/inti-yoga.de\/pt\/wp-json\/wp\/v2\/pages"}],"about":[{"href":"https:\/\/inti-yoga.de\/pt\/wp-json\/wp\/v2\/types\/page"}],"author":[{"embeddable":true,"href":"https:\/\/inti-yoga.de\/pt\/wp-json\/wp\/v2\/users\/1"}],"replies":[{"embeddable":true,"href":"https:\/\/inti-yoga.de\/pt\/wp-json\/wp\/v2\/comments?post=259456"}],"version-history":[{"count":0,"href":"https:\/\/inti-yoga.de\/pt\/wp-json\/wp\/v2\/pages\/259456\/revisions"}],"wp:attachment":[{"href":"https:\/\/inti-yoga.de\/pt\/wp-json\/wp\/v2\/media?parent=259456"}],"curies":[{"name":"wp","href":"https:\/\/api.w.org\/{rel}","templated":true}]}}