{"id":258303,"date":"2021-10-12T12:45:01","date_gmt":"2021-10-12T10:45:01","guid":{"rendered":"https:\/\/inti-yoga.de\/?page_id=258303"},"modified":"2022-07-10T10:51:17","modified_gmt":"2022-07-10T08:51:17","slug":"newsletter","status":"publish","type":"page","link":"https:\/\/inti-yoga.de\/pt\/newsletter\/","title":{"rendered":"Boletim informativo"},"content":{"rendered":"<p>[et_pb_section fb_built=&#8220;1&#8243; prev_background_color=&#8220;#ffffff&#8220; _builder_version=&#8220;4.17.3&#8243; _module_preset=&#8220;default&#8220; use_background_color_gradient=&#8220;on&#8220; background_color_gradient_type=&#8220;circular&#8220; background_color_gradient_direction_radial=&#8220;bottom left&#8220; background_color_gradient_stops=&#8220;#ffffff 48%|rgba(0,0,0,0) 64%&#8220; background_color_gradient_overlays_image=&#8220;on&#8220; background_color_gradient_start=&#8220;#ffffff&#8220; background_color_gradient_start_position=&#8220;48%&#8220; background_color_gradient_end=&#8220;rgba(0,0,0,0)&#8220; background_color_gradient_end_position=&#8220;64%&#8220; background_image=&#8220;https:\/\/inti-yoga.de\/wp-content\/uploads\/2021\/09\/23b.png&#8220; background_size=&#8220;contain&#8220; background_position=&#8220;top_right&#8220; min_height=&#8220;1026.1px&#8220; custom_margin=&#8220;254px||12px||false|false&#8220; custom_padding=&#8220;0px||||false|false&#8220; filter_saturate=&#8220;86%&#8220; top_divider_style=&#8220;wave2&#8243; top_divider_height=&#8220;111px&#8220; top_divider_flip=&#8220;vertical&#8220; bottom_divider_style=&#8220;wave2&#8243; bottom_divider_color=&#8220;#FFFFFF&#8220; bottom_divider_height=&#8220;77px&#8220; global_colors_info=&#8220;{}&#8220;][et_pb_row _builder_version=&#8220;4.16&#8243; _module_preset=&#8220;default&#8220; custom_margin=&#8220;-154px|auto||auto||&#8220; global_colors_info=&#8220;{}&#8220;][et_pb_column type=&#8220;4_4&#8243; _builder_version=&#8220;4.16&#8243; _module_preset=&#8220;default&#8220; global_colors_info=&#8220;{}&#8220;][\/et_pb_column][\/et_pb_row][et_pb_row column_structure=&#8220;2_3,1_3&#8243; _builder_version=&#8220;4.16&#8243; _module_preset=&#8220;default&#8220; global_colors_info=&#8220;{}&#8220;][et_pb_column type=&#8220;2_3&#8243; _builder_version=&#8220;4.16&#8243; _module_preset=&#8220;default&#8220; global_colors_info=&#8220;{}&#8220;][\/et_pb_column][et_pb_column type=&#8220;1_3&#8243; _builder_version=&#8220;4.16&#8243; _module_preset=&#8220;default&#8220; global_colors_info=&#8220;{}&#8220;][\/et_pb_column][\/et_pb_row][et_pb_row _builder_version=&#8220;4.17.4&#8243; _module_preset=&#8220;default&#8220;][et_pb_column _builder_version=&#8220;4.17.4&#8243; _module_preset=&#8220;default&#8220; type=&#8220;4_4&#8243;][et_pb_blurb title=&#8220;Herzenspost&#8220; _builder_version=&#8220;4.17.4&#8243; _module_preset=&#8220;default&#8220; hover_enabled=&#8220;0&#8243; sticky_enabled=&#8220;0&#8243;][\/et_pb_blurb][\/et_pb_column][\/et_pb_row][et_pb_row _builder_version=&#8220;4.17.4&#8243; _module_preset=&#8220;default&#8220; column_structure=&#8220;1_2,1_2&#8243;][et_pb_column _builder_version=&#8220;4.17.4&#8243; _module_preset=&#8220;default&#8220; type=&#8220;1_2&#8243;][et_pb_text _builder_version=&#8220;4.16&#8243; _module_preset=&#8220;default&#8220; header_2_font_size=&#8220;24px&#8220; global_colors_info=&#8220;{}&#8220;]<\/p>\n<h2>Au\u00dferdem erwarten dich hier immer wieder kostenlose Meditationen oder Yoga-Sequenzen und Herzensempfehlungen wie Filme, B\u00fccher und Musikst\u00fccke, die uns bewegen<\/h2>\n<p>[\/et_pb_text][et_pb_text _builder_version=&#8220;4.16&#8243; _module_preset=&#8220;default&#8220; header_2_font_size=&#8220;26px&#8220; custom_margin=&#8220;3px|||||&#8220; global_colors_info=&#8220;{}&#8220;]<\/p>\n<p>Erhalte Impulse zu den Themen Urvertrauen, Selbstliebe, Pers\u00f6nlichkeitsentfaltung &amp; zeitgem\u00e4\u00dfe Spiritualit\u00e4t von uns. Es ist immer auch ein pers\u00f6nliches Update aus unserem Nomaden-Leben dabei: Wo wir gerade sind, was uns umtreibt, welche Pl\u00e4ne wir schmieden.<\/p>\n<p>[\/et_pb_text][et_pb_signup provider=&#8220;activecampaign&#8220; activecampaign_list=&#8220;inti-yogaactivehostedcom|1&#8243; last_name_field=&#8220;off&#8220; success_action=&#8220;redirect&#8220; success_redirect_url=&#8220;https:\/\/inti-yoga.de\/newsletter-bestaetigung\/&#8220; button_text=&#8220;Ja, ich m\u00f6chte Herzenspost!&#8220; footer_content=&#8220;<\/p>\n<p>Wir versenden die liebevollne Zeilen ca. alle 6 Wochen an dich und du kannst dich selbstverst\u00e4ndlich jederzeit abmelden.<\/p>\n<p>Mit Eintragung in den Newsletter aktzeptierst du die <a href=%22http:\/\/www.inti-yoga.de\/datenschutz%22 data-et-target-link=%22_blank%22 rel=%22noopener%22>Datenschutzerkl\u00e4rung<\/a><\/p>\n<p>&#8220; _builder_version=&#8220;4.16&#8243; _module_preset=&#8220;default&#8220; form_field_background_color=&#8220;RGBA(255,255,255,0.89)&#8220; form_field_text_color=&#8220;#7A9B76&#8243; form_field_focus_background_color=&#8220;RGBA(232,203,167,0.45)&#8220; form_field_focus_text_color=&#8220;#7A9B76&#8243; header_font=&#8220;Forum|||||on|||&#8220; header_text_align=&#8220;center&#8220; header_text_color=&#8220;#FFFFFF&#8220; header_font_size=&#8220;37px&#8220; body_font=&#8220;Quicksand|300|||||||&#8220; body_text_align=&#8220;center&#8220; body_text_color=&#8220;#000000&#8243; body_font_size=&#8220;17px&#8220; form_field_font=&#8220;Forum||||||||&#8220; form_field_text_align=&#8220;center&#8220; form_field_font_size=&#8220;20px&#8220; body_link_font=&#8220;Quicksand||||||||&#8220; body_link_text_color=&#8220;#A46462&#8243; background_enable_color=&#8220;off&#8220; custom_button=&#8220;on&#8220; button_text_size=&#8220;19px&#8220; button_text_color=&#8220;#FEFCF4&#8243; button_bg_color=&#8220;#AE862C&#8220; button_border_width=&#8220;0px&#8220; button_font=&#8220;Forum|||||on|||&#8220; button_use_icon=&#8220;off&#8220; custom_margin=&#8220;1px|||||&#8220; box_shadow_style_fields=&#8220;preset3&#8243; box_shadow_blur_fields=&#8220;37px&#8220; box_shadow_color_fields=&#8220;#E2C3B7&#8243; box_shadow_style_button=&#8220;preset1&#8243; box_shadow_color_button=&#8220;#E2C3B7&#8243; global_colors_info=&#8220;{}&#8220;][\/et_pb_signup][\/et_pb_column][et_pb_column _builder_version=&#8220;4.17.4&#8243; _module_preset=&#8220;default&#8220; type=&#8220;1_2&#8243;][\/et_pb_column][\/et_pb_row][\/et_pb_section][et_pb_section fb_built=&#8220;1&#8243; _builder_version=&#8220;4.16&#8243; _module_preset=&#8220;default&#8220; custom_padding=&#8220;6px|||||&#8220; global_colors_info=&#8220;{}&#8220;][et_pb_row column_structure=&#8220;1_5,3_5,1_5&#8243; _builder_version=&#8220;4.16&#8243; _module_preset=&#8220;default&#8220; custom_padding=&#8220;6px|||||&#8220; global_colors_info=&#8220;{}&#8220;][et_pb_column type=&#8220;1_5&#8243; _builder_version=&#8220;4.16&#8243; _module_preset=&#8220;default&#8220; global_colors_info=&#8220;{}&#8220;][\/et_pb_column][et_pb_column type=&#8220;3_5&#8243; _builder_version=&#8220;4.16&#8243; _module_preset=&#8220;default&#8220; global_colors_info=&#8220;{}&#8220;][dnxte_review reviewer_name=&#8220;Gitta&#8220; reviewer_position=&#8220;Newsletter-Abonnentin, K\u00f6ln&#8220; reviewer_description=&#8220;<\/p>\n<p>\u201eDanke f\u00fcr deine Worte im letzten Newsletter, die mein Herz ber\u00fchrt haben.\u201c<\/p>\n<p>&#8220; reviewer_img_width=&#8220;0%&#8220; reviewer_image_position=&#8220;review-top&#8220; _builder_version=&#8220;4.16&#8243; _module_preset=&#8220;default&#8220; header_text_color=&#8220;#214E34&#8243; header_font_size=&#8220;40px&#8220; position_font=&#8220;Quicksand|300|||||||&#8220; position_text_color=&#8220;#A46462&#8243; position_font_size=&#8220;16px&#8220; custom_margin=&#8220;32px|||||&#8220; box_shadow_horizontal=&#8220;0px&#8220; box_shadow_vertical=&#8220;12px&#8220; box_shadow_blur=&#8220;38px&#8220; box_shadow_spread=&#8220;-6px&#8220; box_shadow_color=&#8220;#E2C3B7&#8243; global_colors_info=&#8220;{}&#8220;][\/dnxte_review][\/et_pb_column][et_pb_column type=&#8220;1_5&#8243; _builder_version=&#8220;4.16&#8243; _module_preset=&#8220;default&#8220; global_colors_info=&#8220;{}&#8220;][\/et_pb_column][\/et_pb_row][\/et_pb_section]<\/p>\n","protected":false},"excerpt":{"rendered":"<p>Tamb\u00e9m pode esperar medita\u00e7\u00f5es gratuitas ou sequ\u00eancias de ioga e recomenda\u00e7\u00f5es sinceras, como filmes, livros e pe\u00e7as de m\u00fasica que nos emocionam. Inspire-se connosco sobre os temas da confian\u00e7a b\u00e1sica, do amor-pr\u00f3prio, do desenvolvimento pessoal e da espiritualidade contempor\u00e2nea. H\u00e1 sempre uma atualiza\u00e7\u00e3o pessoal da nossa vida n\u00f3mada: onde estamos neste momento, o que nos motiva, que planos estamos a fazer.<div class=\"et_pb_with_border et_pb_module dnxte_review dnxte_review_0\">\n\t\t\t\t\n\t\t\t\t\n\t\t\t\t\n\t\t\t\t\n\t\t\t\t\n\t\t\t\t\n\t\t\t\t<div class=\"et_pb_module_inner\">\n\t\t\t\t\t<div class=\"dnxte-review-wrap dnxte-review-left-center dnxte-review-\">\r\n\t\t\t\t\r\n\t\t\t\t<div class=\"dnxte-review-des\">\r\n\t\t\t\t\t<div class=\"dnxte-review-wrapper\">\r\n\t\t\t\t\t\t<h4 class=\"dnxte-review-header\">\"Gitta\"<\/h4>\r\n\t\t\t\t\t\t\r\n                    <\/div>\r\n                    <div class=\"dnxte-review-star\">\r\n                        <div class=\"dnxte-review-social dnext-star-rating\"><i class=\"divinext-star-full et-pb-icon\">\ue033<\/i><i class=\"divinext-star-full et-pb-icon\">\ue033<\/i><i class=\"divinext-star-full et-pb-icon\">\ue033<\/i><i class=\"divinext-star-full et-pb-icon\">\ue033<\/i><i class=\"divinext-star-full et-pb-icon\">\ue033<\/i><\/div> \r\n                    <\/div>\r\n                    <div class=\"dnxte-review-content\">\r\n                        \r\n                    <\/div>\r\n\t\t\t\t<\/div>\r\n\t\t\t<\/div>\n\t\t\t\t<\/div>\n\t\t\t<\/div><\/p>","protected":false},"author":1,"featured_media":0,"parent":0,"menu_order":0,"comment_status":"closed","ping_status":"closed","template":"","meta":{"_et_pb_use_builder":"on","_et_pb_old_content":"","_et_gb_content_width":"","footnotes":""},"class_list":["post-258303","page","type-page","status-publish","hentry"],"yoast_head":"<!-- This site is optimized with the Yoast SEO Premium plugin v19.0 (Yoast SEO v27.3) - https:\/\/yoast.com\/product\/yoast-seo-premium-wordpress\/ -->\n<title>Newsletter - inti-yoga.de<\/title>\n<meta name=\"robots\" content=\"index, follow, max-snippet:-1, max-image-preview:large, max-video-preview:-1\" \/>\n<link rel=\"canonical\" href=\"https:\/\/inti-yoga.de\/pt\/newsletter\/\" \/>\n<meta property=\"og:locale\" content=\"pt_PT\" \/>\n<meta property=\"og:type\" content=\"article\" \/>\n<meta property=\"og:title\" content=\"Newsletter\" \/>\n<meta property=\"og:description\" content=\"Au\u00dferdem erwarten dich hier immer wieder kostenlose Meditationen oder Yoga-Sequenzen und Herzensempfehlungen wie Filme, B\u00fccher und Musikst\u00fccke, die uns bewegenErhalte Impulse zu den Themen Urvertrauen, Selbstliebe, Pers\u00f6nlichkeitsentfaltung &amp; zeitgem\u00e4\u00dfe Spiritualit\u00e4t von uns. Es ist immer auch ein pers\u00f6nliches Update aus unserem Nomaden-Leben dabei: Wo wir gerade sind, was uns umtreibt, welche Pl\u00e4ne wir schmieden.\" \/>\n<meta property=\"og:url\" content=\"https:\/\/inti-yoga.de\/pt\/newsletter\/\" \/>\n<meta property=\"og:site_name\" content=\"inti-yoga.de\" \/>\n<meta property=\"article:publisher\" content=\"https:\/\/www.facebook.com\/jessyintiyoga\" \/>\n<meta property=\"article:modified_time\" content=\"2022-07-10T08:51:17+00:00\" \/>\n<meta property=\"og:image\" content=\"https:\/\/inti-yoga.de\/wp-content\/uploads\/2021\/10\/DSC_3777_websize-2.jpg\" \/>\n\t<meta property=\"og:image:width\" content=\"1075\" \/>\n\t<meta property=\"og:image:height\" content=\"724\" \/>\n\t<meta property=\"og:image:type\" content=\"image\/jpeg\" \/>\n<meta name=\"twitter:card\" content=\"summary_large_image\" \/>\n<meta name=\"twitter:label1\" content=\"Tempo estimado de leitura\" \/>\n\t<meta name=\"twitter:data1\" content=\"4 minutos\" \/>\n<script type=\"application\/ld+json\" class=\"yoast-schema-graph\">{\"@context\":\"https:\\\/\\\/schema.org\",\"@graph\":[{\"@type\":\"WebPage\",\"@id\":\"https:\\\/\\\/inti-yoga.de\\\/newsletter\\\/\",\"url\":\"https:\\\/\\\/inti-yoga.de\\\/newsletter\\\/\",\"name\":\"Newsletter - inti-yoga.de\",\"isPartOf\":{\"@id\":\"https:\\\/\\\/inti-yoga.de\\\/#website\"},\"datePublished\":\"2021-10-12T10:45:01+00:00\",\"dateModified\":\"2022-07-10T08:51:17+00:00\",\"breadcrumb\":{\"@id\":\"https:\\\/\\\/inti-yoga.de\\\/newsletter\\\/#breadcrumb\"},\"inLanguage\":\"pt-PT\",\"potentialAction\":[{\"@type\":\"ReadAction\",\"target\":[\"https:\\\/\\\/inti-yoga.de\\\/newsletter\\\/\"]}]},{\"@type\":\"BreadcrumbList\",\"@id\":\"https:\\\/\\\/inti-yoga.de\\\/newsletter\\\/#breadcrumb\",\"itemListElement\":[{\"@type\":\"ListItem\",\"position\":1,\"name\":\"Startseite\",\"item\":\"https:\\\/\\\/inti-yoga.de\\\/\"},{\"@type\":\"ListItem\",\"position\":2,\"name\":\"Newsletter\"}]},{\"@type\":\"WebSite\",\"@id\":\"https:\\\/\\\/inti-yoga.de\\\/#website\",\"url\":\"https:\\\/\\\/inti-yoga.de\\\/\",\"name\":\"inti-yoga.de\",\"description\":\"Yoga und Pers\u00f6nlichkeitsentfaltung\",\"publisher\":{\"@id\":\"https:\\\/\\\/inti-yoga.de\\\/#organization\"},\"potentialAction\":[{\"@type\":\"SearchAction\",\"target\":{\"@type\":\"EntryPoint\",\"urlTemplate\":\"https:\\\/\\\/inti-yoga.de\\\/?s={search_term_string}\"},\"query-input\":{\"@type\":\"PropertyValueSpecification\",\"valueRequired\":true,\"valueName\":\"search_term_string\"}}],\"inLanguage\":\"pt-PT\"},{\"@type\":\"Organization\",\"@id\":\"https:\\\/\\\/inti-yoga.de\\\/#organization\",\"name\":\"INTI Yoga\",\"url\":\"https:\\\/\\\/inti-yoga.de\\\/\",\"logo\":{\"@type\":\"ImageObject\",\"inLanguage\":\"pt-PT\",\"@id\":\"https:\\\/\\\/inti-yoga.de\\\/#\\\/schema\\\/logo\\\/image\\\/\",\"url\":\"https:\\\/\\\/inti-yoga.de\\\/wp-content\\\/uploads\\\/2021\\\/10\\\/cropped-Logo_Inti_vergoldet_transparent_Schrift.png\",\"contentUrl\":\"https:\\\/\\\/inti-yoga.de\\\/wp-content\\\/uploads\\\/2021\\\/10\\\/cropped-Logo_Inti_vergoldet_transparent_Schrift.png\",\"width\":512,\"height\":512,\"caption\":\"INTI Yoga\"},\"image\":{\"@id\":\"https:\\\/\\\/inti-yoga.de\\\/#\\\/schema\\\/logo\\\/image\\\/\"},\"sameAs\":[\"https:\\\/\\\/www.facebook.com\\\/jessyintiyoga\",\"https:\\\/\\\/www.instagram.com\\\/jessy_inti_yoga\\\/\"]}]}<\/script>\n<!-- \/ Yoast SEO Premium plugin. -->","yoast_head_json":{"title":"Newsletter - inti-yoga.de","robots":{"index":"index","follow":"follow","max-snippet":"max-snippet:-1","max-image-preview":"max-image-preview:large","max-video-preview":"max-video-preview:-1"},"canonical":"https:\/\/inti-yoga.de\/pt\/newsletter\/","og_locale":"pt_PT","og_type":"article","og_title":"Newsletter","og_description":"Au\u00dferdem erwarten dich hier immer wieder kostenlose Meditationen oder Yoga-Sequenzen und Herzensempfehlungen wie Filme, B\u00fccher und Musikst\u00fccke, die uns bewegenErhalte Impulse zu den Themen Urvertrauen, Selbstliebe, Pers\u00f6nlichkeitsentfaltung &amp; zeitgem\u00e4\u00dfe Spiritualit\u00e4t von uns. Es ist immer auch ein pers\u00f6nliches Update aus unserem Nomaden-Leben dabei: Wo wir gerade sind, was uns umtreibt, welche Pl\u00e4ne wir schmieden.","og_url":"https:\/\/inti-yoga.de\/pt\/newsletter\/","og_site_name":"inti-yoga.de","article_publisher":"https:\/\/www.facebook.com\/jessyintiyoga","article_modified_time":"2022-07-10T08:51:17+00:00","og_image":[{"width":1075,"height":724,"url":"https:\/\/inti-yoga.de\/wp-content\/uploads\/2021\/10\/DSC_3777_websize-2.jpg","type":"image\/jpeg"}],"twitter_card":"summary_large_image","twitter_misc":{"Tempo estimado de leitura":"4 minutos"},"schema":{"@context":"https:\/\/schema.org","@graph":[{"@type":"WebPage","@id":"https:\/\/inti-yoga.de\/newsletter\/","url":"https:\/\/inti-yoga.de\/newsletter\/","name":"Newsletter - inti-yoga.de","isPartOf":{"@id":"https:\/\/inti-yoga.de\/#website"},"datePublished":"2021-10-12T10:45:01+00:00","dateModified":"2022-07-10T08:51:17+00:00","breadcrumb":{"@id":"https:\/\/inti-yoga.de\/newsletter\/#breadcrumb"},"inLanguage":"pt-PT","potentialAction":[{"@type":"ReadAction","target":["https:\/\/inti-yoga.de\/newsletter\/"]}]},{"@type":"BreadcrumbList","@id":"https:\/\/inti-yoga.de\/newsletter\/#breadcrumb","itemListElement":[{"@type":"ListItem","position":1,"name":"Startseite","item":"https:\/\/inti-yoga.de\/"},{"@type":"ListItem","position":2,"name":"Newsletter"}]},{"@type":"WebSite","@id":"https:\/\/inti-yoga.de\/#website","url":"https:\/\/inti-yoga.de\/","name":"inti-yoga.com","description":"Yoga e desenvolvimento da personalidade","publisher":{"@id":"https:\/\/inti-yoga.de\/#organization"},"potentialAction":[{"@type":"SearchAction","target":{"@type":"EntryPoint","urlTemplate":"https:\/\/inti-yoga.de\/?s={search_term_string}"},"query-input":{"@type":"PropertyValueSpecification","valueRequired":true,"valueName":"search_term_string"}}],"inLanguage":"pt-PT"},{"@type":"Organization","@id":"https:\/\/inti-yoga.de\/#organization","name":"INTI Yoga","url":"https:\/\/inti-yoga.de\/","logo":{"@type":"ImageObject","inLanguage":"pt-PT","@id":"https:\/\/inti-yoga.de\/#\/schema\/logo\/image\/","url":"https:\/\/inti-yoga.de\/wp-content\/uploads\/2021\/10\/cropped-Logo_Inti_vergoldet_transparent_Schrift.png","contentUrl":"https:\/\/inti-yoga.de\/wp-content\/uploads\/2021\/10\/cropped-Logo_Inti_vergoldet_transparent_Schrift.png","width":512,"height":512,"caption":"INTI Yoga"},"image":{"@id":"https:\/\/inti-yoga.de\/#\/schema\/logo\/image\/"},"sameAs":["https:\/\/www.facebook.com\/jessyintiyoga","https:\/\/www.instagram.com\/jessy_inti_yoga\/"]}]}},"jetpack_sharing_enabled":true,"_links":{"self":[{"href":"https:\/\/inti-yoga.de\/pt\/wp-json\/wp\/v2\/pages\/258303","targetHints":{"allow":["GET"]}}],"collection":[{"href":"https:\/\/inti-yoga.de\/pt\/wp-json\/wp\/v2\/pages"}],"about":[{"href":"https:\/\/inti-yoga.de\/pt\/wp-json\/wp\/v2\/types\/page"}],"author":[{"embeddable":true,"href":"https:\/\/inti-yoga.de\/pt\/wp-json\/wp\/v2\/users\/1"}],"replies":[{"embeddable":true,"href":"https:\/\/inti-yoga.de\/pt\/wp-json\/wp\/v2\/comments?post=258303"}],"version-history":[{"count":0,"href":"https:\/\/inti-yoga.de\/pt\/wp-json\/wp\/v2\/pages\/258303\/revisions"}],"wp:attachment":[{"href":"https:\/\/inti-yoga.de\/pt\/wp-json\/wp\/v2\/media?parent=258303"}],"curies":[{"name":"wp","href":"https:\/\/api.w.org\/{rel}","templated":true}]}}