{"id":263839,"date":"2024-05-24T00:24:25","date_gmt":"2024-05-23T22:24:25","guid":{"rendered":"https:\/\/inti-yoga.de\/?page_id=263839"},"modified":"2025-12-10T14:38:44","modified_gmt":"2025-12-10T13:38:44","slug":"podcast","status":"publish","type":"page","link":"https:\/\/inti-yoga.de\/en\/podcast\/","title":{"rendered":"Podcast"},"content":{"rendered":"<p>[et_pb_section fb_built=&#8220;1&#8243; next_background_color=&#8220;#ffffff&#8220; _builder_version=&#8220;4.25.1&#8243; _module_preset=&#8220;default&#8220; background_image=&#8220;https:\/\/inti-yoga.de\/wp-content\/uploads\/2024\/05\/websize1.jpg&#8220; min_height=&#8220;974px&#8220; custom_margin=&#8220;||232px|||&#8220; top_divider_height=&#8220;0px&#8220; top_divider_repeat=&#8220;1x&#8220; bottom_divider_style=&#8220;wave2&#8243; background_last_edited=&#8220;on|phone&#8220; background_position_phone=&#8220;center_right&#8220; global_colors_info=&#8220;{}&#8220;][et_pb_row _builder_version=&#8220;4.25.1&#8243; _module_preset=&#8220;default&#8220; custom_margin=&#8220;157px|auto||auto||&#8220; global_colors_info=&#8220;{}&#8220;][et_pb_column type=&#8220;4_4&#8243; _builder_version=&#8220;4.25.1&#8243; _module_preset=&#8220;default&#8220; global_colors_info=&#8220;{}&#8220;][et_pb_heading title=&#8220;THE RADIANT&#8220; _builder_version=&#8220;4.25.1&#8243; _module_preset=&#8220;default&#8220; title_text_color=&#8220;#FFFFFF&#8220; title_font_size=&#8220;76px&#8220; global_colors_info=&#8220;{}&#8220;][\/et_pb_heading][et_pb_heading title=&#8220;Self&#8220; _builder_version=&#8220;4.25.1&#8243; _module_preset=&#8220;default&#8220; title_font=&#8220;Just Sunday||||||||&#8220; title_text_color=&#8220;#FFFFFF&#8220; title_font_size=&#8220;76px&#8220; global_colors_info=&#8220;{}&#8220;][\/et_pb_heading][et_pb_heading title=&#8220;PODCAST MIT JESSICA NAGEL&#8220; _builder_version=&#8220;4.25.1&#8243; _module_preset=&#8220;default&#8220; title_text_align=&#8220;left&#8220; title_text_color=&#8220;#FFFFFF&#8220; title_font_size=&#8220;24px&#8220; module_alignment=&#8220;right&#8220; global_colors_info=&#8220;{}&#8220;][\/et_pb_heading][\/et_pb_column][\/et_pb_row][\/et_pb_section][et_pb_section fb_built=&#8220;1&#8243; custom_padding_last_edited=&#8220;on|tablet&#8220; next_background_color=&#8220;#ffffff&#8220; _builder_version=&#8220;4.25.1&#8243; _module_preset=&#8220;default&#8220; use_background_color_gradient=&#8220;on&#8220; background_color_gradient_direction=&#8220;159deg&#8220; background_color_gradient_stops=&#8220;#ffffff 0%|rgba(253,246,211,0.39) 89%&#8220; background_color_gradient_start=&#8220;#ffffff&#8220; background_color_gradient_start_position=&#8220;43%&#8220; background_color_gradient_end=&#8220;rgba(253,246,211,0.59)&#8220; background_enable_image=&#8220;off&#8220; background_size=&#8220;initial&#8220; background_position=&#8220;top_left&#8220; custom_margin=&#8220;-218px|||||&#8220; custom_margin_tablet=&#8220;0px||||false|false&#8220; custom_margin_phone=&#8220;0px||||false|false&#8220; custom_margin_last_edited=&#8220;on|tablet&#8220; custom_padding=&#8220;||147px|||&#8220; custom_padding_tablet=&#8220;||65px||false|false&#8220; custom_padding_phone=&#8220;||65px||false|false&#8220; bottom_divider_style=&#8220;wave2&#8243; bottom_divider_height_tablet=&#8220;&#8220; bottom_divider_height_phone=&#8220;51px&#8220; bottom_divider_height_last_edited=&#8220;on|phone&#8220; background_last_edited=&#8220;on|tablet&#8220; background_enable_image_tablet=&#8220;off&#8220; global_colors_info=&#8220;{}&#8220;][et_pb_row _builder_version=&#8220;4.16&#8243; _module_preset=&#8220;default&#8220; global_colors_info=&#8220;{}&#8220;][et_pb_column type=&#8220;4_4&#8243; _builder_version=&#8220;4.16&#8243; _module_preset=&#8220;default&#8220; global_colors_info=&#8220;{}&#8220;][et_pb_text _builder_version=&#8220;4.16&#8243; _module_preset=&#8220;default&#8220; text_font_size=&#8220;24px&#8220; inline_fonts=&#8220;Just Sunday&#8220; global_colors_info=&#8220;{}&#8220;]<\/p>\n<h2>Der Podcast f\u00fcr alle Freigeister, Tr\u00e4umerInnen und Dich, wenn du Wege in dein authentisches Leuchten gehen m\u00f6chtest<\/h2>\n<h2>\u00a0<\/h2>\n<p><span style=\"font-family: 'Just Sunday'; font-weight: normal; font-size: xx-large; color: #ae862c;\">alltagsnah<\/span><span style=\"color: #ae862c;\"><span style=\"font-family: 'Just Sunday'; font-weight: normal; font-size: xx-large;\"> <\/span>~ <span style=\"font-family: 'Just Sunday'; font-weight: normal; font-size: xx-large;\">soulfull <\/span>~ <\/span><span style=\"font-family: 'Just Sunday'; font-weight: normal; font-size: xx-large; color: #ae862c;\">inspirierend<\/span><\/p>\n<p><span style=\"font-family: 'Just Sunday'; font-weight: normal; font-size: xx-large; color: #ae862c;\"><\/span><\/p>\n<p>[\/et_pb_text][\/et_pb_column][\/et_pb_row][et_pb_row _builder_version=&#8220;4.25.1&#8243; _module_preset=&#8220;default&#8220; global_colors_info=&#8220;{}&#8220;][et_pb_column type=&#8220;4_4&#8243; _builder_version=&#8220;4.25.1&#8243; _module_preset=&#8220;default&#8220; global_colors_info=&#8220;{}&#8220;][et_pb_audio audio=&#8220;https:\/\/inti-yoga.de\/wp-content\/uploads\/2024\/05\/The-Radiant-Self-Intro-Music-with-Voice.wav&#8220; title=&#8220;THE RADIANT SELF ~ Trailer&#8220; image_url=&#8220;https:\/\/inti-yoga.de\/wp-content\/uploads\/2024\/05\/wensize2.jpg&#8220; _builder_version=&#8220;4.25.1&#8243; _module_preset=&#8220;default&#8220; global_colors_info=&#8220;{}&#8220;][\/et_pb_audio][\/et_pb_column][\/et_pb_row][\/et_pb_section][et_pb_section fb_built=&#8220;1&#8243; _builder_version=&#8220;4.16&#8243; _module_preset=&#8220;default&#8220; background_color_gradient_direction=&#8220;360deg&#8220; background_enable_image=&#8220;off&#8220; background_size=&#8220;contain&#8220; background_position=&#8220;center_left&#8220; custom_margin=&#8220;40px|||||&#8220; custom_padding=&#8220;3px||0px|||&#8220; top_divider_height=&#8220;128px&#8220; top_divider_flip=&#8220;horizontal&#8220; bottom_divider_height=&#8220;94px&#8220; global_colors_info=&#8220;{}&#8220;][et_pb_row column_structure=&#8220;1_5,3_5,1_5&#8243; custom_padding_last_edited=&#8220;on|tablet&#8220; _builder_version=&#8220;4.16&#8243; _module_preset=&#8220;default&#8220; custom_margin=&#8220;27px|auto||auto||&#8220; custom_margin_tablet=&#8220;0px|auto||auto|false|false&#8220; custom_margin_phone=&#8220;0px|auto||auto|false|false&#8220; custom_margin_last_edited=&#8220;on|tablet&#8220; custom_padding=&#8220;||13px|||&#8220; custom_padding_tablet=&#8220;||0px||false|false&#8220; custom_padding_phone=&#8220;0px||0px||false|false&#8220; global_colors_info=&#8220;{}&#8220;][et_pb_column type=&#8220;1_5&#8243; _builder_version=&#8220;4.16&#8243; _module_preset=&#8220;default&#8220; global_colors_info=&#8220;{}&#8220;][\/et_pb_column][et_pb_column type=&#8220;3_5&#8243; _builder_version=&#8220;4.16&#8243; _module_preset=&#8220;default&#8220; global_colors_info=&#8220;{}&#8220;][et_pb_text _builder_version=&#8220;4.25.1&#8243; _module_preset=&#8220;default&#8220; custom_padding=&#8220;||0px|||&#8220; global_colors_info=&#8220;{}&#8220;]<\/p>\n<h1>H\u00f6re jetzt rein und lasse dich<\/h1>\n<h1><\/h1>\n<h1>inspirieren, ber\u00fchren, \u00fcberraschen!\u00a0<\/h1>\n<p>[\/et_pb_text][\/et_pb_column][et_pb_column type=&#8220;1_5&#8243; _builder_version=&#8220;4.16&#8243; _module_preset=&#8220;default&#8220; global_colors_info=&#8220;{}&#8220;][\/et_pb_column][\/et_pb_row][et_pb_row column_structure=&#8220;1_3,1_3,1_3&#8243; _builder_version=&#8220;4.27.5&#8243; _module_preset=&#8220;default&#8220; hover_enabled=&#8220;0&#8243; global_colors_info=&#8220;{}&#8220; sticky_enabled=&#8220;0&#8243;][et_pb_column type=&#8220;1_3&#8243; _builder_version=&#8220;4.25.1&#8243; _module_preset=&#8220;default&#8220; global_colors_info=&#8220;{}&#8220;][et_pb_button button_url=&#8220;https:\/\/open.spotify.com\/show\/6Ff7rGoQo6ExufSn76DISV?si=f9e10b97346849b5&#8243; url_new_window=&#8220;on&#8220; button_text=&#8220;SPOTIFY&#8220; _builder_version=&#8220;4.25.1&#8243; _module_preset=&#8220;default&#8220; global_colors_info=&#8220;{}&#8220;][\/et_pb_button][et_pb_icon font_icon=&#8220;&#xf1bc;||fa||400&#8243; icon_color=&#8220;#7A9B76&#8243; url=&#8220;https:\/\/open.spotify.com\/show\/6Ff7rGoQo6ExufSn76DISV?si=754bd264710a45e0&#8243; url_new_window=&#8220;on&#8220; _builder_version=&#8220;4.25.1&#8243; _module_preset=&#8220;default&#8220; global_colors_info=&#8220;{}&#8220;][\/et_pb_icon][\/et_pb_column][et_pb_column type=&#8220;1_3&#8243; _builder_version=&#8220;4.25.1&#8243; _module_preset=&#8220;default&#8220; global_colors_info=&#8220;{}&#8220;][et_pb_button button_url=&#8220;https:\/\/podcasts.apple.com\/us\/podcast\/the-radiant-self-alltagsnah-~-soulful-~-inspirierend\/id1747244040&#8243; url_new_window=&#8220;on&#8220; button_text=&#8220;Apple itunes&#8220; _builder_version=&#8220;4.25.1&#8243; _module_preset=&#8220;default&#8220; global_colors_info=&#8220;{}&#8220;][\/et_pb_button][et_pb_icon font_icon=&#8220;&#xf3b5;||fa||400&#8243; url=&#8220;https:\/\/podcasts.apple.com\/us\/podcast\/the-radiant-self-alltagsnah-~-soulful-~-inspirierend\/id1747244040&#8243; url_new_window=&#8220;on&#8220; _builder_version=&#8220;4.25.1&#8243; _module_preset=&#8220;default&#8220; global_colors_info=&#8220;{}&#8220;][\/et_pb_icon][\/et_pb_column][et_pb_column type=&#8220;1_3&#8243; _builder_version=&#8220;4.27.5&#8243; _module_preset=&#8220;default&#8220; hover_enabled=&#8220;0&#8243; global_colors_info=&#8220;{}&#8220; link_option_url_new_window=&#8220;on&#8220; sticky_enabled=&#8220;0&#8243;][et_pb_button button_url=&#8220; https:\/\/youtube.com\/@inti-yogameditationretreat7888?si=xOW5NZYKVCWhlATG&#8220; url_new_window=&#8220;on&#8220; button_text=&#8220;Youtube&#8220; _builder_version=&#8220;4.27.5&#8243; _module_preset=&#8220;default&#8220; hover_enabled=&#8220;0&#8243; global_colors_info=&#8220;{}&#8220; sticky_enabled=&#8220;0&#8243;][\/et_pb_button][et_pb_icon font_icon=&#8220;&#xf167;||fa||400&#8243; url=&#8220; https:\/\/youtube.com\/@inti-yogameditationretreat7888?si=xOW5NZYKVCWhlATG&#8220; url_new_window=&#8220;on&#8220; _builder_version=&#8220;4.27.5&#8243; _module_preset=&#8220;default&#8220; hover_enabled=&#8220;0&#8243; global_colors_info=&#8220;{}&#8220; icon_color=&#8220;#A46462&#8243; sticky_enabled=&#8220;0&#8243;][\/et_pb_icon][\/et_pb_column][\/et_pb_row][\/et_pb_section][et_pb_section fb_built=&#8220;1&#8243; custom_padding_last_edited=&#8220;on|tablet&#8220; _builder_version=&#8220;4.16&#8243; _module_preset=&#8220;default&#8220; background_color_gradient_direction=&#8220;181deg&#8220; custom_padding=&#8220;||0px|||&#8220; custom_padding_tablet=&#8220;0px||0px||false|false&#8220; custom_padding_phone=&#8220;0px||0px||false|false&#8220; global_colors_info=&#8220;{}&#8220;][et_pb_row _builder_version=&#8220;4.16&#8243; _module_preset=&#8220;default&#8220; global_colors_info=&#8220;{}&#8220;][et_pb_column type=&#8220;4_4&#8243; _builder_version=&#8220;4.16&#8243; _module_preset=&#8220;default&#8220; global_colors_info=&#8220;{}&#8220;][et_pb_text _builder_version=&#8220;4.16&#8243; _module_preset=&#8220;default&#8220; text_text_color=&#8220;#A46462&#8243; header_text_color=&#8220;#A46462&#8243; header_font_size=&#8220;33px&#8220; header_line_height=&#8220;2em&#8220; global_colors_info=&#8220;{}&#8220;]<\/p>\n<p>\u00a0Ich w\u00fcnsche dir von Herzen, dass du dich ber\u00fchren &amp; inspirieren l\u00e4sst und dieser Podcast dazu betr\u00e4gt, dass mehr Menschen in ihr wahrhaftiges Leuchten finden, ihr Licht nicht mehr l\u00e4nger dimmen, sondern verbunden sind, mit der Seelenessenz. Denn dein Leuchten verbindet. Dich mit dir. Und mit allem, was ist.<\/p>\n<h1>\u200b Love, Jessy \u2665<\/h1>\n<p>[\/et_pb_text][\/et_pb_column][\/et_pb_row][\/et_pb_section][et_pb_section fb_built=&#8220;1&#8243; fullwidth=&#8220;on&#8220; custom_padding_last_edited=&#8220;on|tablet&#8220; _builder_version=&#8220;4.16&#8243; _module_preset=&#8220;default&#8220; use_background_color_gradient=&#8220;on&#8220; background_color_gradient_stops=&#8220;#ffffff 0%|rgba(0,0,0,0) 100%&#8220; background_color_gradient_overlays_image=&#8220;on&#8220; background_color_gradient_start=&#8220;#ffffff&#8220; background_color_gradient_end=&#8220;rgba(0,0,0,0)&#8220; background_image=&#8220;https:\/\/inti-yoga.de\/wp-content\/uploads\/2021\/10\/DSC_4173_websize.jpg&#8220; custom_padding=&#8220;||563px|||&#8220; custom_padding_tablet=&#8220;||440px||false|false&#8220; custom_padding_phone=&#8220;||440px||false|false&#8220; bottom_divider_height=&#8220;50px&#8220; bottom_divider_flip=&#8220;horizontal&#8220; background_last_edited=&#8220;on|tablet&#8220; background_color_gradient_stops_tablet=&#8220;#ffffff 19%|rgba(0,0,0,0) 100%&#8220; background_color_gradient_start_position_tablet=&#8220;19%&#8220; global_colors_info=&#8220;{}&#8220;][\/et_pb_section][et_pb_section fb_built=&#8220;1&#8243; _builder_version=&#8220;4.25.1&#8243; _module_preset=&#8220;default&#8220; custom_padding=&#8220;0px||0px|||&#8220; global_colors_info=&#8220;{}&#8220;][et_pb_row _builder_version=&#8220;4.25.1&#8243; _module_preset=&#8220;default&#8220; global_colors_info=&#8220;{}&#8220;][et_pb_column type=&#8220;4_4&#8243; _builder_version=&#8220;4.25.1&#8243; _module_preset=&#8220;default&#8220; global_colors_info=&#8220;{}&#8220;][et_pb_blurb content_max_width=&#8220;911px&#8220; _builder_version=&#8220;4.25.1&#8243; _module_preset=&#8220;default&#8220; body_font_size=&#8220;18px&#8220; width=&#8220;100%&#8220; max_width=&#8220;100%&#8220; min_height=&#8220;100px&#8220; height=&#8220;100px&#8220; max_height=&#8220;1000px&#8220; custom_padding=&#8220;||0px|||&#8220; global_colors_info=&#8220;{}&#8220;]<\/p>\n<h6>Titelbild: Meine liebe, talentierte Evi Ludwig<\/h6>\n<p>[\/et_pb_blurb][\/et_pb_column][\/et_pb_row][\/et_pb_section]<\/p>\n","protected":false},"excerpt":{"rendered":"<p>Der Podcast f\u00fcr alle Freigeister, Tr\u00e4umerInnen und Dich, wenn du Wege in dein authentisches Leuchten gehen m\u00f6chtest \u00a0 alltagsnah ~ soulfull ~ inspirierend H\u00f6re jetzt rein und lasse dich inspirieren, ber\u00fchren, \u00fcberraschen!\u00a0\u00a0Ich w\u00fcnsche dir von Herzen, dass du dich ber\u00fchren &amp; inspirieren l\u00e4sst und dieser Podcast dazu betr\u00e4gt, dass mehr Menschen in ihr wahrhaftiges Leuchten [&hellip;]<\/p>\n","protected":false},"author":1,"featured_media":263840,"parent":0,"menu_order":0,"comment_status":"closed","ping_status":"closed","template":"","meta":{"_et_pb_use_builder":"on","_et_pb_old_content":"","_et_gb_content_width":"","footnotes":""},"class_list":["post-263839","page","type-page","status-publish","has-post-thumbnail","hentry"],"yoast_head":"<!-- This site is optimized with the Yoast SEO Premium plugin v19.0 (Yoast SEO v27.3) - https:\/\/yoast.com\/product\/yoast-seo-premium-wordpress\/ -->\n<title>Podcast THE RADIANT SELF ~ Wege in dein Leuchten | inti-yoga.de<\/title>\n<meta name=\"description\" content=\"Jessica Nagel teilt inspirierende Ressourcen, hilfreiche Praktiken &amp; pers\u00f6nliche Geschichten f\u00fcr ein au\u00dfergew\u00f6hnlich erf\u00fclltes Leben.\" \/>\n<meta name=\"robots\" content=\"index, follow, max-snippet:-1, max-image-preview:large, max-video-preview:-1\" \/>\n<link rel=\"canonical\" href=\"https:\/\/inti-yoga.de\/en\/podcast\/\" \/>\n<meta property=\"og:locale\" content=\"en_US\" \/>\n<meta property=\"og:type\" content=\"article\" \/>\n<meta property=\"og:title\" content=\"Podcast\" \/>\n<meta property=\"og:description\" content=\"Jessica Nagel teilt inspirierende Ressourcen, hilfreiche Praktiken &amp; pers\u00f6nliche Geschichten f\u00fcr ein au\u00dfergew\u00f6hnlich erf\u00fclltes Leben.\" \/>\n<meta property=\"og:url\" content=\"https:\/\/inti-yoga.de\/en\/podcast\/\" \/>\n<meta property=\"og:site_name\" content=\"inti-yoga.de\" \/>\n<meta property=\"article:publisher\" content=\"https:\/\/www.facebook.com\/jessyintiyoga\" \/>\n<meta property=\"article:modified_time\" content=\"2025-12-10T13:38:44+00:00\" \/>\n<meta property=\"og:image\" content=\"https:\/\/inti-yoga.de\/wp-content\/uploads\/2024\/05\/podacst-cover-Post.png\" \/>\n\t<meta property=\"og:image:width\" content=\"1080\" \/>\n\t<meta property=\"og:image:height\" content=\"1080\" \/>\n\t<meta property=\"og:image:type\" content=\"image\/png\" \/>\n<meta name=\"twitter:card\" content=\"summary_large_image\" \/>\n<meta name=\"twitter:label1\" content=\"Est. reading time\" \/>\n\t<meta name=\"twitter:data1\" content=\"3 minutes\" \/>\n<script type=\"application\/ld+json\" class=\"yoast-schema-graph\">{\"@context\":\"https:\\\/\\\/schema.org\",\"@graph\":[{\"@type\":\"WebPage\",\"@id\":\"https:\\\/\\\/inti-yoga.de\\\/podcast\\\/\",\"url\":\"https:\\\/\\\/inti-yoga.de\\\/podcast\\\/\",\"name\":\"Podcast THE RADIANT SELF ~ Wege in dein Leuchten | inti-yoga.de\",\"isPartOf\":{\"@id\":\"https:\\\/\\\/inti-yoga.de\\\/#website\"},\"primaryImageOfPage\":{\"@id\":\"https:\\\/\\\/inti-yoga.de\\\/podcast\\\/#primaryimage\"},\"image\":{\"@id\":\"https:\\\/\\\/inti-yoga.de\\\/podcast\\\/#primaryimage\"},\"thumbnailUrl\":\"https:\\\/\\\/inti-yoga.de\\\/wp-content\\\/uploads\\\/2024\\\/05\\\/podacst-cover-Post.png\",\"datePublished\":\"2024-05-23T22:24:25+00:00\",\"dateModified\":\"2025-12-10T13:38:44+00:00\",\"description\":\"Jessica Nagel teilt inspirierende Ressourcen, hilfreiche Praktiken & pers\u00f6nliche Geschichten f\u00fcr ein au\u00dfergew\u00f6hnlich erf\u00fclltes Leben.\",\"breadcrumb\":{\"@id\":\"https:\\\/\\\/inti-yoga.de\\\/podcast\\\/#breadcrumb\"},\"inLanguage\":\"en-US\",\"potentialAction\":[{\"@type\":\"ReadAction\",\"target\":[\"https:\\\/\\\/inti-yoga.de\\\/podcast\\\/\"]}]},{\"@type\":\"ImageObject\",\"inLanguage\":\"en-US\",\"@id\":\"https:\\\/\\\/inti-yoga.de\\\/podcast\\\/#primaryimage\",\"url\":\"https:\\\/\\\/inti-yoga.de\\\/wp-content\\\/uploads\\\/2024\\\/05\\\/podacst-cover-Post.png\",\"contentUrl\":\"https:\\\/\\\/inti-yoga.de\\\/wp-content\\\/uploads\\\/2024\\\/05\\\/podacst-cover-Post.png\",\"width\":1080,\"height\":1080,\"caption\":\"the radiant self\"},{\"@type\":\"BreadcrumbList\",\"@id\":\"https:\\\/\\\/inti-yoga.de\\\/podcast\\\/#breadcrumb\",\"itemListElement\":[{\"@type\":\"ListItem\",\"position\":1,\"name\":\"Startseite\",\"item\":\"https:\\\/\\\/inti-yoga.de\\\/\"},{\"@type\":\"ListItem\",\"position\":2,\"name\":\"Podcast\"}]},{\"@type\":\"WebSite\",\"@id\":\"https:\\\/\\\/inti-yoga.de\\\/#website\",\"url\":\"https:\\\/\\\/inti-yoga.de\\\/\",\"name\":\"inti-yoga.de\",\"description\":\"Yoga und Pers\u00f6nlichkeitsentfaltung\",\"publisher\":{\"@id\":\"https:\\\/\\\/inti-yoga.de\\\/#organization\"},\"potentialAction\":[{\"@type\":\"SearchAction\",\"target\":{\"@type\":\"EntryPoint\",\"urlTemplate\":\"https:\\\/\\\/inti-yoga.de\\\/?s={search_term_string}\"},\"query-input\":{\"@type\":\"PropertyValueSpecification\",\"valueRequired\":true,\"valueName\":\"search_term_string\"}}],\"inLanguage\":\"en-US\"},{\"@type\":\"Organization\",\"@id\":\"https:\\\/\\\/inti-yoga.de\\\/#organization\",\"name\":\"INTI Yoga\",\"url\":\"https:\\\/\\\/inti-yoga.de\\\/\",\"logo\":{\"@type\":\"ImageObject\",\"inLanguage\":\"en-US\",\"@id\":\"https:\\\/\\\/inti-yoga.de\\\/#\\\/schema\\\/logo\\\/image\\\/\",\"url\":\"https:\\\/\\\/inti-yoga.de\\\/wp-content\\\/uploads\\\/2021\\\/10\\\/cropped-Logo_Inti_vergoldet_transparent_Schrift.png\",\"contentUrl\":\"https:\\\/\\\/inti-yoga.de\\\/wp-content\\\/uploads\\\/2021\\\/10\\\/cropped-Logo_Inti_vergoldet_transparent_Schrift.png\",\"width\":512,\"height\":512,\"caption\":\"INTI Yoga\"},\"image\":{\"@id\":\"https:\\\/\\\/inti-yoga.de\\\/#\\\/schema\\\/logo\\\/image\\\/\"},\"sameAs\":[\"https:\\\/\\\/www.facebook.com\\\/jessyintiyoga\",\"https:\\\/\\\/www.instagram.com\\\/jessy_inti_yoga\\\/\"]}]}<\/script>\n<!-- \/ Yoast SEO Premium plugin. -->","yoast_head_json":{"title":"Podcast THE RADIANT SELF ~ Ways into your glow | inti-yoga.de","description":"Jessica Nagel shares inspiring resources, helpful practices &amp; personal stories for an exceptionally fulfilling life.","robots":{"index":"index","follow":"follow","max-snippet":"max-snippet:-1","max-image-preview":"max-image-preview:large","max-video-preview":"max-video-preview:-1"},"canonical":"https:\/\/inti-yoga.de\/en\/podcast\/","og_locale":"en_US","og_type":"article","og_title":"Podcast","og_description":"Jessica Nagel teilt inspirierende Ressourcen, hilfreiche Praktiken & pers\u00f6nliche Geschichten f\u00fcr ein au\u00dfergew\u00f6hnlich erf\u00fclltes Leben.","og_url":"https:\/\/inti-yoga.de\/en\/podcast\/","og_site_name":"inti-yoga.de","article_publisher":"https:\/\/www.facebook.com\/jessyintiyoga","article_modified_time":"2025-12-10T13:38:44+00:00","og_image":[{"width":1080,"height":1080,"url":"https:\/\/inti-yoga.de\/wp-content\/uploads\/2024\/05\/podacst-cover-Post.png","type":"image\/png"}],"twitter_card":"summary_large_image","twitter_misc":{"Est. reading time":"3 minutes"},"schema":{"@context":"https:\/\/schema.org","@graph":[{"@type":"WebPage","@id":"https:\/\/inti-yoga.de\/podcast\/","url":"https:\/\/inti-yoga.de\/podcast\/","name":"Podcast THE RADIANT SELF ~ Ways into your glow | inti-yoga.de","isPartOf":{"@id":"https:\/\/inti-yoga.de\/#website"},"primaryImageOfPage":{"@id":"https:\/\/inti-yoga.de\/podcast\/#primaryimage"},"image":{"@id":"https:\/\/inti-yoga.de\/podcast\/#primaryimage"},"thumbnailUrl":"https:\/\/inti-yoga.de\/wp-content\/uploads\/2024\/05\/podacst-cover-Post.png","datePublished":"2024-05-23T22:24:25+00:00","dateModified":"2025-12-10T13:38:44+00:00","description":"Jessica Nagel shares inspiring resources, helpful practices &amp; personal stories for an exceptionally fulfilling life.","breadcrumb":{"@id":"https:\/\/inti-yoga.de\/podcast\/#breadcrumb"},"inLanguage":"en-US","potentialAction":[{"@type":"ReadAction","target":["https:\/\/inti-yoga.de\/podcast\/"]}]},{"@type":"ImageObject","inLanguage":"en-US","@id":"https:\/\/inti-yoga.de\/podcast\/#primaryimage","url":"https:\/\/inti-yoga.de\/wp-content\/uploads\/2024\/05\/podacst-cover-Post.png","contentUrl":"https:\/\/inti-yoga.de\/wp-content\/uploads\/2024\/05\/podacst-cover-Post.png","width":1080,"height":1080,"caption":"the radiant self"},{"@type":"BreadcrumbList","@id":"https:\/\/inti-yoga.de\/podcast\/#breadcrumb","itemListElement":[{"@type":"ListItem","position":1,"name":"Startseite","item":"https:\/\/inti-yoga.de\/"},{"@type":"ListItem","position":2,"name":"Podcast"}]},{"@type":"WebSite","@id":"https:\/\/inti-yoga.de\/#website","url":"https:\/\/inti-yoga.de\/","name":"inti-yoga.com","description":"Yoga and personality development","publisher":{"@id":"https:\/\/inti-yoga.de\/#organization"},"potentialAction":[{"@type":"SearchAction","target":{"@type":"EntryPoint","urlTemplate":"https:\/\/inti-yoga.de\/?s={search_term_string}"},"query-input":{"@type":"PropertyValueSpecification","valueRequired":true,"valueName":"search_term_string"}}],"inLanguage":"en-US"},{"@type":"Organization","@id":"https:\/\/inti-yoga.de\/#organization","name":"INTI Yoga","url":"https:\/\/inti-yoga.de\/","logo":{"@type":"ImageObject","inLanguage":"en-US","@id":"https:\/\/inti-yoga.de\/#\/schema\/logo\/image\/","url":"https:\/\/inti-yoga.de\/wp-content\/uploads\/2021\/10\/cropped-Logo_Inti_vergoldet_transparent_Schrift.png","contentUrl":"https:\/\/inti-yoga.de\/wp-content\/uploads\/2021\/10\/cropped-Logo_Inti_vergoldet_transparent_Schrift.png","width":512,"height":512,"caption":"INTI Yoga"},"image":{"@id":"https:\/\/inti-yoga.de\/#\/schema\/logo\/image\/"},"sameAs":["https:\/\/www.facebook.com\/jessyintiyoga","https:\/\/www.instagram.com\/jessy_inti_yoga\/"]}]}},"jetpack_sharing_enabled":true,"_links":{"self":[{"href":"https:\/\/inti-yoga.de\/en\/wp-json\/wp\/v2\/pages\/263839","targetHints":{"allow":["GET"]}}],"collection":[{"href":"https:\/\/inti-yoga.de\/en\/wp-json\/wp\/v2\/pages"}],"about":[{"href":"https:\/\/inti-yoga.de\/en\/wp-json\/wp\/v2\/types\/page"}],"author":[{"embeddable":true,"href":"https:\/\/inti-yoga.de\/en\/wp-json\/wp\/v2\/users\/1"}],"replies":[{"embeddable":true,"href":"https:\/\/inti-yoga.de\/en\/wp-json\/wp\/v2\/comments?post=263839"}],"version-history":[{"count":1,"href":"https:\/\/inti-yoga.de\/en\/wp-json\/wp\/v2\/pages\/263839\/revisions"}],"predecessor-version":[{"id":264782,"href":"https:\/\/inti-yoga.de\/en\/wp-json\/wp\/v2\/pages\/263839\/revisions\/264782"}],"wp:featuredmedia":[{"embeddable":true,"href":"https:\/\/inti-yoga.de\/en\/wp-json\/wp\/v2\/media\/263840"}],"wp:attachment":[{"href":"https:\/\/inti-yoga.de\/en\/wp-json\/wp\/v2\/media?parent=263839"}],"curies":[{"name":"wp","href":"https:\/\/api.w.org\/{rel}","templated":true}]}}